{"id":87567,"date":"2023-06-09T05:15:40","date_gmt":"2023-06-09T05:15:40","guid":{"rendered":"https:\/\/www.climarbrasil.com.br\/novo\/?page_id=87567"},"modified":"2023-11-06T21:21:51","modified_gmt":"2023-11-06T21:21:51","slug":"produtos","status":"publish","type":"page","link":"https:\/\/www.climarbrasil.com.br\/novo\/produtos\/","title":{"rendered":"Produtos"},"content":{"rendered":"<body>\t\t<div data-elementor-type=\"wp-page\" data-elementor-id=\"87567\" class=\"elementor elementor-87567\" data-elementor-post-type=\"page\">\n\t\t\t\t\t\t<section class=\"elementor-section elementor-top-section elementor-element elementor-element-2beb34b9 elementor-section-boxed elementor-section-height-default elementor-section-height-default\" data-id=\"2beb34b9\" data-element_type=\"section\">\n\t\t\t\t\t\t<div class=\"elementor-container elementor-column-gap-wide\">\n\t\t\t\t\t<div class=\"elementor-column elementor-col-100 elementor-top-column elementor-element elementor-element-3614f1c5\" data-id=\"3614f1c5\" data-element_type=\"column\">\n\t\t\t<div class=\"elementor-widget-wrap elementor-element-populated\">\n\t\t\t\t\t\t<div class=\"elementor-element elementor-element-ee840d7 elementor-widget elementor-widget-heading\" data-id=\"ee840d7\" data-element_type=\"widget\" data-widget_type=\"heading.default\">\n\t\t\t\t<div class=\"elementor-widget-container\">\n\t\t\t<h3 class=\"elementor-heading-title elementor-size-default\">Produtos<\/h3>\t\t<\/div>\n\t\t\t\t<\/div>\n\t\t\t\t<div class=\"elementor-element elementor-element-59ac6dea elementor-widget__width-initial elementor-widget elementor-widget-text-editor\" data-id=\"59ac6dea\" data-element_type=\"widget\" data-widget_type=\"text-editor.default\">\n\t\t\t\t<div class=\"elementor-widget-container\">\n\t\t\t\t\t\t\t<p>Marcas renomadas e o melhor do mercado para voc\u00ea.<\/p>\t\t\t\t\t\t<\/div>\n\t\t\t\t<\/div>\n\t\t\t\t\t<\/div>\n\t\t<\/div>\n\t\t\t\t\t<\/div>\n\t\t<\/section>\n\t\t\t\t<section class=\"elementor-section elementor-top-section elementor-element elementor-element-8e17ac2 elementor-section-boxed elementor-section-height-default elementor-section-height-default\" data-id=\"8e17ac2\" data-element_type=\"section\">\n\t\t\t\t\t\t<div class=\"elementor-container elementor-column-gap-wide\">\n\t\t\t\t\t<div class=\"elementor-column elementor-col-100 elementor-top-column elementor-element elementor-element-437c1c6\" data-id=\"437c1c6\" data-element_type=\"column\">\n\t\t\t<div class=\"elementor-widget-wrap elementor-element-populated\">\n\t\t\t\t\t\t<div class=\"elementor-element elementor-element-6f24414 img-align-top img-align-mobile-top image-vertical-align-tablet-center icon-box-vertical-align-top image-vertical-align-start preserve-img-ratio-cover slide-h-position-left elementor-widget elementor-widget-the7-elements-simple-posts\" data-id=\"6f24414\" data-element_type=\"widget\" data-widget_type=\"the7-elements-simple-posts.default\">\n\t\t\t\t<div class=\"elementor-widget-container\">\n\t\t\t<div class=\"the7-simple-widget-posts the7-elementor-widget the7-elements-simple-posts-6f24414 jquery-filter jquery-filter\" data-post-limit=\"-1\" data-pagination-mode=\"none\" data-scroll-offset=\"\">\t\t\t<div class=\"dt-css-grid custom-pagination-handler\" data-columns='{\"d\":3,\"t\":2,\"p\":1,\"wd\":\"\"}'>\n\t\t\t\t\t\t\t\t\t<div class=\"wf-cell visible \">\n\t\t\t\t\t\t<article class=\"post visible wrapper post-87479 dt_portfolio type-dt_portfolio status-publish has-post-thumbnail hentry\">\n\n\t\t\t\t\t\t\t<div class=\"post-content-wrapper\">\n\t\t\t\t\t\t\t\t\t\t\t\t\t\t\t\t\t<div class=\"the7-simple-post-thumb\">\n\t\t\t\t\t\t\t\t\t\t<a class=\"post-thumbnail-rollover layzr-bg img-css-resize-wrapper\" aria-label=\"Post image\" href=\"https:\/\/www.climarbrasil.com.br\/novo\/project\/vrf\/\"><img fetchpriority=\"high\" decoding=\"async\" width=\"300\" height=\"300\" src=\"data:image\/svg+xml,%3Csvg%20xmlns%3D'http%3A%2F%2Fwww.w3.org%2F2000%2Fsvg'%20viewBox%3D'0%200%20300%20300'%2F%3E\" class=\"attachment-full size-full preload-me aspect lazy lazy-load\" alt=\"\" sizes=\"(max-width: 300px) 100vw, 300px\" style=\"--ratio: 300 \/ 300;\" data-src=\"https:\/\/www.climarbrasil.com.br\/novo\/wp-content\/uploads\/2023\/06\/ar-condicionado-vrf1.webp\" loading=\"eager\" data-srcset=\"https:\/\/www.climarbrasil.com.br\/novo\/wp-content\/uploads\/2023\/06\/ar-condicionado-vrf1.webp 300w, https:\/\/www.climarbrasil.com.br\/novo\/wp-content\/uploads\/2023\/06\/ar-condicionado-vrf1-150x150.webp 150w\"><span class=\"the7-hover-icon\"><svg xmlns=\"http:\/\/www.w3.org\/2000\/svg\" viewbox=\"0 0 24 24\" width=\"24\" height=\"24\"><path fill=\"none\" d=\"M0 0h24v24H0z\"><\/path><path d=\"M5 10c-1.1 0-2 .9-2 2s.9 2 2 2 2-.9 2-2-.9-2-2-2zm14 0c-1.1 0-2 .9-2 2s.9 2 2 2 2-.9 2-2-.9-2-2-2zm-7 0c-1.1 0-2 .9-2 2s.9 2 2 2 2-.9 2-2-.9-2-2-2z\"><\/path><\/svg><\/span><\/a>\t\t\t\t\t\t\t\t\t<\/div>\n\t\t\t\t\t\t\t\t\t\t\t\t\t\t\t\t<div class=\"post-entry-content\">\n\t\t\t\t\t\t\t\t\t<h5 class=\"heading\"><a href=\"https:\/\/www.climarbrasil.com.br\/novo\/project\/vrf\/\" rel=\"bookmark\" title=\"VRF\" class=\"post-title\">VRF<\/a><\/h5><p class=\"short-description\">O chamado ciclo de refrigera\u00e7\u00e3o \u00e9 composto por diversos componentes.<\/p><a href=\"https:\/\/www.climarbrasil.com.br\/novo\/project\/vrf\/\" target=\"\" aria-label=\"Read more about VRF\" class=\"box-button elementor-button elementor-size-md\">SAIBA MAIS<svg xmlns=\"http:\/\/www.w3.org\/2000\/svg\" viewbox=\"0 0 24 24\" width=\"24\" height=\"24\"><path fill=\"none\" d=\"M0 0h24v24H0z\"><\/path><path d=\"M16.172 11l-5.364-5.364 1.414-1.414L20 12l-7.778 7.778-1.414-1.414L16.172 13H4v-2z\"><\/path><\/svg><\/a>\t\t\t\t\t\t\t\t<\/div>\n\t\t\t\t\t\t\t<\/div>\n\t\t\t\t\t\t<\/article>\n\t\t\t\t\t<\/div>\t\t\t\t\t\t\t\t\t\t<div class=\"wf-cell visible \">\n\t\t\t\t\t\t<article class=\"post visible wrapper post-87455 dt_portfolio type-dt_portfolio status-publish has-post-thumbnail hentry\">\n\n\t\t\t\t\t\t\t<div class=\"post-content-wrapper\">\n\t\t\t\t\t\t\t\t\t\t\t\t\t\t\t\t\t<div class=\"the7-simple-post-thumb\">\n\t\t\t\t\t\t\t\t\t\t<a class=\"post-thumbnail-rollover layzr-bg img-css-resize-wrapper\" aria-label=\"Post image\" href=\"https:\/\/www.climarbrasil.com.br\/novo\/project\/split\/\"><img decoding=\"async\" width=\"800\" height=\"800\" src=\"data:image\/svg+xml,%3Csvg%20xmlns%3D'http%3A%2F%2Fwww.w3.org%2F2000%2Fsvg'%20viewBox%3D'0%200%20800%20800'%2F%3E\" class=\"attachment-full size-full preload-me aspect lazy lazy-load\" alt=\"\" sizes=\"(max-width: 800px) 100vw, 800px\" style=\"--ratio: 800 \/ 800;\" data-src=\"https:\/\/www.climarbrasil.com.br\/novo\/wp-content\/uploads\/2023\/06\/conj-3.webp\" loading=\"eager\" data-srcset=\"https:\/\/www.climarbrasil.com.br\/novo\/wp-content\/uploads\/2023\/06\/conj-3.webp 800w, https:\/\/www.climarbrasil.com.br\/novo\/wp-content\/uploads\/2023\/06\/conj-3-300x300.webp 300w, https:\/\/www.climarbrasil.com.br\/novo\/wp-content\/uploads\/2023\/06\/conj-3-150x150.webp 150w, https:\/\/www.climarbrasil.com.br\/novo\/wp-content\/uploads\/2023\/06\/conj-3-768x768.webp 768w\"><span class=\"the7-hover-icon\"><svg xmlns=\"http:\/\/www.w3.org\/2000\/svg\" viewbox=\"0 0 24 24\" width=\"24\" height=\"24\"><path fill=\"none\" d=\"M0 0h24v24H0z\"><\/path><path d=\"M5 10c-1.1 0-2 .9-2 2s.9 2 2 2 2-.9 2-2-.9-2-2-2zm14 0c-1.1 0-2 .9-2 2s.9 2 2 2 2-.9 2-2-.9-2-2-2zm-7 0c-1.1 0-2 .9-2 2s.9 2 2 2 2-.9 2-2-.9-2-2-2z\"><\/path><\/svg><\/span><\/a>\t\t\t\t\t\t\t\t\t<\/div>\n\t\t\t\t\t\t\t\t\t\t\t\t\t\t\t\t<div class=\"post-entry-content\">\n\t\t\t\t\t\t\t\t\t<h5 class=\"heading\"><a href=\"https:\/\/www.climarbrasil.com.br\/novo\/project\/split\/\" rel=\"bookmark\" title=\"Multi-Split\" class=\"post-title\">Multi-Split<\/a><\/h5><p class=\"short-description\">Multi-Split que pode contemplar um n\u00famero maior de evaporadoras.<\/p><a href=\"https:\/\/www.climarbrasil.com.br\/novo\/project\/split\/\" target=\"\" aria-label=\"Read more about Multi-Split\" class=\"box-button elementor-button elementor-size-md\">SAIBA MAIS<svg xmlns=\"http:\/\/www.w3.org\/2000\/svg\" viewbox=\"0 0 24 24\" width=\"24\" height=\"24\"><path fill=\"none\" d=\"M0 0h24v24H0z\"><\/path><path d=\"M16.172 11l-5.364-5.364 1.414-1.414L20 12l-7.778 7.778-1.414-1.414L16.172 13H4v-2z\"><\/path><\/svg><\/a>\t\t\t\t\t\t\t\t<\/div>\n\t\t\t\t\t\t\t<\/div>\n\t\t\t\t\t\t<\/article>\n\t\t\t\t\t<\/div>\t\t\t\t\t\t\t\t\t\t<div class=\"wf-cell visible \">\n\t\t\t\t\t\t<article class=\"post visible wrapper post-87395 dt_portfolio type-dt_portfolio status-publish has-post-thumbnail hentry\">\n\n\t\t\t\t\t\t\t<div class=\"post-content-wrapper\">\n\t\t\t\t\t\t\t\t\t\t\t\t\t\t\t\t\t<div class=\"the7-simple-post-thumb\">\n\t\t\t\t\t\t\t\t\t\t<a class=\"post-thumbnail-rollover layzr-bg img-css-resize-wrapper\" aria-label=\"Post image\" href=\"https:\/\/www.climarbrasil.com.br\/novo\/project\/chiller\/\"><img decoding=\"async\" width=\"868\" height=\"640\" src=\"data:image\/svg+xml,%3Csvg%20xmlns%3D'http%3A%2F%2Fwww.w3.org%2F2000%2Fsvg'%20viewBox%3D'0%200%20868%20640'%2F%3E\" class=\"attachment-full size-full preload-me aspect lazy lazy-load\" alt=\"\" sizes=\"(max-width: 868px) 100vw, 868px\" style=\"--ratio: 868 \/ 640;\" data-src=\"https:\/\/www.climarbrasil.com.br\/novo\/wp-content\/uploads\/2023\/06\/chiler__23xrv-gl.webp\" loading=\"eager\" data-srcset=\"https:\/\/www.climarbrasil.com.br\/novo\/wp-content\/uploads\/2023\/06\/chiler__23xrv-gl.webp 868w, https:\/\/www.climarbrasil.com.br\/novo\/wp-content\/uploads\/2023\/06\/chiler__23xrv-gl-300x221.webp 300w, https:\/\/www.climarbrasil.com.br\/novo\/wp-content\/uploads\/2023\/06\/chiler__23xrv-gl-768x566.webp 768w\"><span class=\"the7-hover-icon\"><svg xmlns=\"http:\/\/www.w3.org\/2000\/svg\" viewbox=\"0 0 24 24\" width=\"24\" height=\"24\"><path fill=\"none\" d=\"M0 0h24v24H0z\"><\/path><path d=\"M5 10c-1.1 0-2 .9-2 2s.9 2 2 2 2-.9 2-2-.9-2-2-2zm14 0c-1.1 0-2 .9-2 2s.9 2 2 2 2-.9 2-2-.9-2-2-2zm-7 0c-1.1 0-2 .9-2 2s.9 2 2 2 2-.9 2-2-.9-2-2-2z\"><\/path><\/svg><\/span><\/a>\t\t\t\t\t\t\t\t\t<\/div>\n\t\t\t\t\t\t\t\t\t\t\t\t\t\t\t\t<div class=\"post-entry-content\">\n\t\t\t\t\t\t\t\t\t<h5 class=\"heading\"><a href=\"https:\/\/www.climarbrasil.com.br\/novo\/project\/chiller\/\" rel=\"bookmark\" title=\"Chiller\" class=\"post-title\">Chiller<\/a><\/h5><p class=\"short-description\">O aparelho de ar-condicionado Chiller funciona de forma diferenciada.<\/p><a href=\"https:\/\/www.climarbrasil.com.br\/novo\/project\/chiller\/\" target=\"\" aria-label=\"Read more about Chiller\" class=\"box-button elementor-button elementor-size-md\">SAIBA MAIS<svg xmlns=\"http:\/\/www.w3.org\/2000\/svg\" viewbox=\"0 0 24 24\" width=\"24\" height=\"24\"><path fill=\"none\" d=\"M0 0h24v24H0z\"><\/path><path d=\"M16.172 11l-5.364-5.364 1.414-1.414L20 12l-7.778 7.778-1.414-1.414L16.172 13H4v-2z\"><\/path><\/svg><\/a>\t\t\t\t\t\t\t\t<\/div>\n\t\t\t\t\t\t\t<\/div>\n\t\t\t\t\t\t<\/article>\n\t\t\t\t\t<\/div>\t\t\t\t\t\t\t\t<\/div>\n\t\t<\/div>\t\t<\/div>\n\t\t\t\t<\/div>\n\t\t\t\t<div class=\"elementor-element elementor-element-63d9549 elementor-widget elementor-widget-template\" data-id=\"63d9549\" data-element_type=\"widget\" data-widget_type=\"template.default\">\n\t\t\t\t<div class=\"elementor-widget-container\">\n\t\t\t\t\t<div class=\"elementor-template\">\n\t\t\t\t\t<div data-elementor-type=\"section\" data-elementor-id=\"79256\" class=\"elementor elementor-79256\" data-elementor-post-type=\"elementor_library\">\n\t\t\t\t\t<section class=\"elementor-section elementor-top-section elementor-element elementor-element-62787cea elementor-section-height-min-height elementor-section-boxed elementor-section-height-default elementor-section-items-middle\" data-id=\"62787cea\" data-element_type=\"section\">\n\t\t\t\t\t\t<div class=\"elementor-container elementor-column-gap-wide\">\n\t\t\t\t\t<div class=\"elementor-column elementor-col-100 elementor-top-column elementor-element elementor-element-5ee9e2fc\" data-id=\"5ee9e2fc\" data-element_type=\"column\">\n\t\t\t<div class=\"elementor-widget-wrap elementor-element-populated\">\n\t\t\t\t\t\t<div class=\"elementor-element elementor-element-3802d4d8 elementor-widget-divider--view-line elementor-widget elementor-widget-divider\" data-id=\"3802d4d8\" data-element_type=\"widget\" data-widget_type=\"divider.default\">\n\t\t\t\t<div class=\"elementor-widget-container\">\n\t\t\t\t\t<div class=\"elementor-divider\">\n\t\t\t<span class=\"elementor-divider-separator\">\n\t\t\t\t\t\t<\/span>\n\t\t<\/div>\n\t\t\t\t<\/div>\n\t\t\t\t<\/div>\n\t\t\t\t\t<\/div>\n\t\t<\/div>\n\t\t\t\t\t<\/div>\n\t\t<\/section>\n\t\t\t\t<\/div>\n\t\t\t\t<\/div>\n\t\t\t\t<\/div>\n\t\t\t\t<\/div>\n\t\t\t\t\t<\/div>\n\t\t<\/div>\n\t\t\t\t\t<\/div>\n\t\t<\/section>\n\t\t\t\t<section class=\"elementor-section elementor-top-section elementor-element elementor-element-79300999 elementor-section-full_width elementor-section-stretched elementor-section-height-default elementor-section-height-default\" data-id=\"79300999\" data-element_type=\"section\" data-settings='{\"background_background\":\"classic\",\"stretch_section\":\"section-stretched\"}'>\n\t\t\t\t\t\t<div class=\"elementor-container elementor-column-gap-default\">\n\t\t\t\t\t<div class=\"elementor-column elementor-col-100 elementor-top-column elementor-element elementor-element-70bd043a\" data-id=\"70bd043a\" data-element_type=\"column\">\n\t\t\t<div class=\"elementor-widget-wrap elementor-element-populated\">\n\t\t\t\t\t\t<div class=\"elementor-element elementor-element-6803949c elementor-widget__width-initial elementor-widget-mobile__width-inherit elementor-widget elementor-widget-heading\" data-id=\"6803949c\" data-element_type=\"widget\" data-widget_type=\"heading.default\">\n\t\t\t\t<div class=\"elementor-widget-container\">\n\t\t\t<h3 class=\"elementor-heading-title elementor-size-default\">Climatize seu ambiente\n<\/h3>\t\t<\/div>\n\t\t\t\t<\/div>\n\t\t\t\t<div class=\"elementor-element elementor-element-1201e273 elementor-widget__width-initial elementor-widget-mobile__width-inherit elementor-widget elementor-widget-heading\" data-id=\"1201e273\" data-element_type=\"widget\" data-widget_type=\"heading.default\">\n\t\t\t\t<div class=\"elementor-widget-container\">\n\t\t\t<h3 class=\"elementor-heading-title elementor-size-default\">com o melhor custo-benef\u00edcio do mercado.\n<\/h3>\t\t<\/div>\n\t\t\t\t<\/div>\n\t\t\t\t<div class=\"elementor-element elementor-element-5067ae0a elementor-align-center elementor-widget__width-initial elementor-widget-mobile__width-inherit elementor-widget elementor-widget-the7_button_widget\" data-id=\"5067ae0a\" data-element_type=\"widget\" data-widget_type=\"the7_button_widget.default\">\n\t\t\t\t<div class=\"elementor-widget-container\">\n\t\t\t<div class=\"elementor-button-wrapper\"><a href=\"https:\/\/www.climarbrasil.com.br\/novo\/orcamento\/\" class=\"box-button elementor-button elementor-size-xl\">FA\u00c7A SEU OR\u00c7AMENTO<\/a><\/div>\t\t<\/div>\n\t\t\t\t<\/div>\n\t\t\t\t\t<\/div>\n\t\t<\/div>\n\t\t\t\t\t<\/div>\n\t\t<\/section>\n\t\t\t\t<\/div>\n\t\t<\/body>","protected":false},"excerpt":{"rendered":"<p>Produtos Marcas renomadas e o melhor do mercado para voc\u00ea. VRF O chamado ciclo de refrigera\u00e7\u00e3o \u00e9 composto por diversos componentes. SAIBA MAIS Multi-Split Multi-Split que pode contemplar um n\u00famero maior de evaporadoras. SAIBA MAIS Chiller O aparelho de ar-condicionado Chiller funciona de forma diferenciada. SAIBA MAIS Climatize seu ambiente com o melhor custo-benef\u00edcio do&hellip;<\/p>\n","protected":false},"author":1,"featured_media":0,"parent":0,"menu_order":40,"comment_status":"closed","ping_status":"closed","template":"","meta":{"om_disable_all_campaigns":false,"footnotes":""},"class_list":["post-87567","page","type-page","status-publish","hentry"],"aioseo_notices":[],"_links":{"self":[{"href":"https:\/\/www.climarbrasil.com.br\/novo\/wp-json\/wp\/v2\/pages\/87567","targetHints":{"allow":["GET"]}}],"collection":[{"href":"https:\/\/www.climarbrasil.com.br\/novo\/wp-json\/wp\/v2\/pages"}],"about":[{"href":"https:\/\/www.climarbrasil.com.br\/novo\/wp-json\/wp\/v2\/types\/page"}],"author":[{"embeddable":true,"href":"https:\/\/www.climarbrasil.com.br\/novo\/wp-json\/wp\/v2\/users\/1"}],"replies":[{"embeddable":true,"href":"https:\/\/www.climarbrasil.com.br\/novo\/wp-json\/wp\/v2\/comments?post=87567"}],"version-history":[{"count":37,"href":"https:\/\/www.climarbrasil.com.br\/novo\/wp-json\/wp\/v2\/pages\/87567\/revisions"}],"predecessor-version":[{"id":92546,"href":"https:\/\/www.climarbrasil.com.br\/novo\/wp-json\/wp\/v2\/pages\/87567\/revisions\/92546"}],"wp:attachment":[{"href":"https:\/\/www.climarbrasil.com.br\/novo\/wp-json\/wp\/v2\/media?parent=87567"}],"curies":[{"name":"wp","href":"https:\/\/api.w.org\/{rel}","templated":true}]}}