{"id":87287,"date":"2023-06-08T18:35:54","date_gmt":"2023-06-08T18:35:54","guid":{"rendered":"https:\/\/www.climarbrasil.com.br\/novo\/?page_id=87287"},"modified":"2023-06-09T13:46:19","modified_gmt":"2023-06-09T13:46:19","slug":"servicos","status":"publish","type":"page","link":"https:\/\/www.climarbrasil.com.br\/novo\/servicos\/","title":{"rendered":"Servi\u00e7os"},"content":{"rendered":"<body>\t\t<div data-elementor-type=\"wp-page\" data-elementor-id=\"87287\" class=\"elementor elementor-87287\" data-elementor-post-type=\"page\">\n\t\t\t\t\t\t<section class=\"elementor-section elementor-top-section elementor-element elementor-element-2beb34b9 elementor-section-boxed elementor-section-height-default elementor-section-height-default\" data-id=\"2beb34b9\" data-element_type=\"section\">\n\t\t\t\t\t\t<div class=\"elementor-container elementor-column-gap-wide\">\n\t\t\t\t\t<div class=\"elementor-column elementor-col-100 elementor-top-column elementor-element elementor-element-3614f1c5\" data-id=\"3614f1c5\" data-element_type=\"column\">\n\t\t\t<div class=\"elementor-widget-wrap elementor-element-populated\">\n\t\t\t\t\t\t<div class=\"elementor-element elementor-element-ee840d7 elementor-widget elementor-widget-heading\" data-id=\"ee840d7\" data-element_type=\"widget\" data-widget_type=\"heading.default\">\n\t\t\t\t<div class=\"elementor-widget-container\">\n\t\t\t<h3 class=\"elementor-heading-title elementor-size-default\">Servi\u00e7os<\/h3>\t\t<\/div>\n\t\t\t\t<\/div>\n\t\t\t\t<div class=\"elementor-element elementor-element-59ac6dea elementor-widget__width-initial elementor-widget elementor-widget-text-editor\" data-id=\"59ac6dea\" data-element_type=\"widget\" data-widget_type=\"text-editor.default\">\n\t\t\t\t<div class=\"elementor-widget-container\">\n\t\t\t\t\t\t\t<p>Inova\u00e7\u00e3o em cada um de nossos processos. Equipamentos modernos e de qualidade e servi\u00e7os completos para atender sua demanda, seja grande ou pequena.<\/p>\t\t\t\t\t\t<\/div>\n\t\t\t\t<\/div>\n\t\t\t\t\t<\/div>\n\t\t<\/div>\n\t\t\t\t\t<\/div>\n\t\t<\/section>\n\t\t\t\t<section class=\"elementor-section elementor-top-section elementor-element elementor-element-57db1645 elementor-section-boxed elementor-section-height-default elementor-section-height-default\" data-id=\"57db1645\" data-element_type=\"section\">\n\t\t\t\t\t\t<div class=\"elementor-container elementor-column-gap-wide\">\n\t\t\t\t\t<div class=\"elementor-column elementor-col-100 elementor-top-column elementor-element elementor-element-2ca32555\" data-id=\"2ca32555\" data-element_type=\"column\">\n\t\t\t<div class=\"elementor-widget-wrap elementor-element-populated\">\n\t\t\t\t\t\t<div class=\"elementor-element elementor-element-21febddb img-align-top img-align-mobile-top image-vertical-align-tablet-center icon-box-vertical-align-top image-vertical-align-start preserve-img-ratio-cover slide-h-position-left elementor-widget elementor-widget-the7-elements-simple-posts\" data-id=\"21febddb\" data-element_type=\"widget\" data-widget_type=\"the7-elements-simple-posts.default\">\n\t\t\t\t<div class=\"elementor-widget-container\">\n\t\t\t<div class=\"the7-simple-widget-posts the7-elementor-widget the7-elements-simple-posts-21febddb jquery-filter jquery-filter\" data-post-limit=\"-1\" data-pagination-mode=\"none\" data-scroll-offset=\"\">\t\t\t<div class=\"dt-css-grid custom-pagination-handler\" data-columns='{\"d\":3,\"t\":2,\"p\":1,\"wd\":\"\"}'>\n\t\t\t\t\t\t\t\t\t<div class=\"wf-cell visible \">\n\t\t\t\t\t\t<article class=\"post visible wrapper post-87388 our_services type-our_services status-publish has-post-thumbnail hentry\">\n\n\t\t\t\t\t\t\t<div class=\"post-content-wrapper\">\n\t\t\t\t\t\t\t\t\t\t\t\t\t\t\t\t\t<div class=\"the7-simple-post-thumb\">\n\t\t\t\t\t\t\t\t\t\t<a class=\"post-thumbnail-rollover layzr-bg img-css-resize-wrapper\" aria-label=\"Post image\" href=\"https:\/\/www.climarbrasil.com.br\/novo\/our_services\/respire-qualidade-de-vida\/\"><img fetchpriority=\"high\" decoding=\"async\" width=\"1200\" height=\"1000\" src=\"data:image\/svg+xml,%3Csvg%20xmlns%3D'http%3A%2F%2Fwww.w3.org%2F2000%2Fsvg'%20viewBox%3D'0%200%201200%201000'%2F%3E\" class=\"attachment-full size-full preload-me aspect lazy lazy-load\" alt=\"\" sizes=\"(max-width: 1200px) 100vw, 1200px\" style=\"--ratio: 1200 \/ 1000;\" data-src=\"https:\/\/www.climarbrasil.com.br\/novo\/wp-content\/uploads\/2023\/06\/Climar_Instalacao_634020923.webp\" loading=\"eager\" data-srcset=\"https:\/\/www.climarbrasil.com.br\/novo\/wp-content\/uploads\/2023\/06\/Climar_Instalacao_634020923.webp 1200w, https:\/\/www.climarbrasil.com.br\/novo\/wp-content\/uploads\/2023\/06\/Climar_Instalacao_634020923-300x250.webp 300w, https:\/\/www.climarbrasil.com.br\/novo\/wp-content\/uploads\/2023\/06\/Climar_Instalacao_634020923-1024x853.webp 1024w, https:\/\/www.climarbrasil.com.br\/novo\/wp-content\/uploads\/2023\/06\/Climar_Instalacao_634020923-768x640.webp 768w, https:\/\/www.climarbrasil.com.br\/novo\/wp-content\/uploads\/2023\/06\/Climar_Instalacao_634020923-600x500.webp 600w\"><span class=\"the7-hover-icon\"><svg xmlns=\"http:\/\/www.w3.org\/2000\/svg\" viewbox=\"0 0 24 24\" width=\"24\" height=\"24\"><path fill=\"none\" d=\"M0 0h24v24H0z\"><\/path><path d=\"M5 10c-1.1 0-2 .9-2 2s.9 2 2 2 2-.9 2-2-.9-2-2-2zm14 0c-1.1 0-2 .9-2 2s.9 2 2 2 2-.9 2-2-.9-2-2-2zm-7 0c-1.1 0-2 .9-2 2s.9 2 2 2 2-.9 2-2-.9-2-2-2z\"><\/path><\/svg><\/span><\/a>\t\t\t\t\t\t\t\t\t<\/div>\n\t\t\t\t\t\t\t\t\t\t\t\t\t\t\t\t<div class=\"post-entry-content\">\n\t\t\t\t\t\t\t\t\t<h5 class=\"heading\"><a href=\"https:\/\/www.climarbrasil.com.br\/novo\/our_services\/respire-qualidade-de-vida\/\" rel=\"bookmark\" title=\"Instala\u00e7\u00e3o\" class=\"post-title\">Instala\u00e7\u00e3o<\/a><\/h5><p class=\"short-description\">Instalamos equipamentos e sistemas de ar-condicionado, ventila\u00e7\u00e3o e exaust\u00e3o.<\/p><a href=\"https:\/\/www.climarbrasil.com.br\/novo\/our_services\/respire-qualidade-de-vida\/\" target=\"\" aria-label=\"Read more about Instala\u00e7\u00e3o\" class=\"box-button elementor-button elementor-size-md\">SAIBA MAIS<svg xmlns=\"http:\/\/www.w3.org\/2000\/svg\" viewbox=\"0 0 24 24\" width=\"24\" height=\"24\"><path fill=\"none\" d=\"M0 0h24v24H0z\"><\/path><path d=\"M16.172 11l-5.364-5.364 1.414-1.414L20 12l-7.778 7.778-1.414-1.414L16.172 13H4v-2z\"><\/path><\/svg><\/a>\t\t\t\t\t\t\t\t<\/div>\n\t\t\t\t\t\t\t<\/div>\n\t\t\t\t\t\t<\/article>\n\t\t\t\t\t<\/div>\t\t\t\t\t\t\t\t\t\t<div class=\"wf-cell visible \">\n\t\t\t\t\t\t<article class=\"post visible wrapper post-87375 our_services type-our_services status-publish has-post-thumbnail hentry\">\n\n\t\t\t\t\t\t\t<div class=\"post-content-wrapper\">\n\t\t\t\t\t\t\t\t\t\t\t\t\t\t\t\t\t<div class=\"the7-simple-post-thumb\">\n\t\t\t\t\t\t\t\t\t\t<a class=\"post-thumbnail-rollover layzr-bg img-css-resize-wrapper\" aria-label=\"Post image\" href=\"https:\/\/www.climarbrasil.com.br\/novo\/our_services\/de-um-novo-ar-para-sua-empresa\/\"><img decoding=\"async\" width=\"1200\" height=\"1000\" src=\"data:image\/svg+xml,%3Csvg%20xmlns%3D'http%3A%2F%2Fwww.w3.org%2F2000%2Fsvg'%20viewBox%3D'0%200%201200%201000'%2F%3E\" class=\"attachment-full size-full preload-me aspect lazy lazy-load\" alt=\"\" sizes=\"(max-width: 1200px) 100vw, 1200px\" style=\"--ratio: 1200 \/ 1000;\" data-src=\"https:\/\/www.climarbrasil.com.br\/novo\/wp-content\/uploads\/2023\/06\/Climar_Manutencao_361043244.webp\" loading=\"eager\" data-srcset=\"https:\/\/www.climarbrasil.com.br\/novo\/wp-content\/uploads\/2023\/06\/Climar_Manutencao_361043244.webp 1200w, https:\/\/www.climarbrasil.com.br\/novo\/wp-content\/uploads\/2023\/06\/Climar_Manutencao_361043244-300x250.webp 300w, https:\/\/www.climarbrasil.com.br\/novo\/wp-content\/uploads\/2023\/06\/Climar_Manutencao_361043244-1024x853.webp 1024w, https:\/\/www.climarbrasil.com.br\/novo\/wp-content\/uploads\/2023\/06\/Climar_Manutencao_361043244-768x640.webp 768w, https:\/\/www.climarbrasil.com.br\/novo\/wp-content\/uploads\/2023\/06\/Climar_Manutencao_361043244-600x500.webp 600w\"><span class=\"the7-hover-icon\"><svg xmlns=\"http:\/\/www.w3.org\/2000\/svg\" viewbox=\"0 0 24 24\" width=\"24\" height=\"24\"><path fill=\"none\" d=\"M0 0h24v24H0z\"><\/path><path d=\"M5 10c-1.1 0-2 .9-2 2s.9 2 2 2 2-.9 2-2-.9-2-2-2zm14 0c-1.1 0-2 .9-2 2s.9 2 2 2 2-.9 2-2-.9-2-2-2zm-7 0c-1.1 0-2 .9-2 2s.9 2 2 2 2-.9 2-2-.9-2-2-2z\"><\/path><\/svg><\/span><\/a>\t\t\t\t\t\t\t\t\t<\/div>\n\t\t\t\t\t\t\t\t\t\t\t\t\t\t\t\t<div class=\"post-entry-content\">\n\t\t\t\t\t\t\t\t\t<h5 class=\"heading\"><a href=\"https:\/\/www.climarbrasil.com.br\/novo\/our_services\/de-um-novo-ar-para-sua-empresa\/\" rel=\"bookmark\" title=\"Manuten\u00e7\u00e3o\" class=\"post-title\">Manuten\u00e7\u00e3o<\/a><\/h5><p class=\"short-description\">Preven\u00e7\u00e3o e corre\u00e7\u00e3o de pequenas avarias que podem prejudicar o funcionamento do aparelho.<\/p><a href=\"https:\/\/www.climarbrasil.com.br\/novo\/our_services\/de-um-novo-ar-para-sua-empresa\/\" target=\"\" aria-label=\"Read more about Manuten\u00e7\u00e3o\" class=\"box-button elementor-button elementor-size-md\">SAIBA MAIS<svg xmlns=\"http:\/\/www.w3.org\/2000\/svg\" viewbox=\"0 0 24 24\" width=\"24\" height=\"24\"><path fill=\"none\" d=\"M0 0h24v24H0z\"><\/path><path d=\"M16.172 11l-5.364-5.364 1.414-1.414L20 12l-7.778 7.778-1.414-1.414L16.172 13H4v-2z\"><\/path><\/svg><\/a>\t\t\t\t\t\t\t\t<\/div>\n\t\t\t\t\t\t\t<\/div>\n\t\t\t\t\t\t<\/article>\n\t\t\t\t\t<\/div>\t\t\t\t\t\t\t\t\t\t<div class=\"wf-cell visible \">\n\t\t\t\t\t\t<article class=\"post visible wrapper post-87364 our_services type-our_services status-publish has-post-thumbnail hentry\">\n\n\t\t\t\t\t\t\t<div class=\"post-content-wrapper\">\n\t\t\t\t\t\t\t\t\t\t\t\t\t\t\t\t\t<div class=\"the7-simple-post-thumb\">\n\t\t\t\t\t\t\t\t\t\t<a class=\"post-thumbnail-rollover layzr-bg img-css-resize-wrapper\" aria-label=\"Post image\" href=\"https:\/\/www.climarbrasil.com.br\/novo\/our_services\/clima-bom-para-alta-producao\/\"><img decoding=\"async\" width=\"1200\" height=\"1000\" src=\"data:image\/svg+xml,%3Csvg%20xmlns%3D'http%3A%2F%2Fwww.w3.org%2F2000%2Fsvg'%20viewBox%3D'0%200%201200%201000'%2F%3E\" class=\"attachment-full size-full preload-me aspect lazy lazy-load\" alt=\"\" sizes=\"(max-width: 1200px) 100vw, 1200px\" style=\"--ratio: 1200 \/ 1000;\" data-src=\"https:\/\/www.climarbrasil.com.br\/novo\/wp-content\/uploads\/2023\/06\/Climar_ManutencaoPreventiva_177268048.webp\" loading=\"eager\" data-srcset=\"https:\/\/www.climarbrasil.com.br\/novo\/wp-content\/uploads\/2023\/06\/Climar_ManutencaoPreventiva_177268048.webp 1200w, https:\/\/www.climarbrasil.com.br\/novo\/wp-content\/uploads\/2023\/06\/Climar_ManutencaoPreventiva_177268048-300x250.webp 300w, https:\/\/www.climarbrasil.com.br\/novo\/wp-content\/uploads\/2023\/06\/Climar_ManutencaoPreventiva_177268048-1024x853.webp 1024w, https:\/\/www.climarbrasil.com.br\/novo\/wp-content\/uploads\/2023\/06\/Climar_ManutencaoPreventiva_177268048-768x640.webp 768w, https:\/\/www.climarbrasil.com.br\/novo\/wp-content\/uploads\/2023\/06\/Climar_ManutencaoPreventiva_177268048-600x500.webp 600w\"><span class=\"the7-hover-icon\"><svg xmlns=\"http:\/\/www.w3.org\/2000\/svg\" viewbox=\"0 0 24 24\" width=\"24\" height=\"24\"><path fill=\"none\" d=\"M0 0h24v24H0z\"><\/path><path d=\"M5 10c-1.1 0-2 .9-2 2s.9 2 2 2 2-.9 2-2-.9-2-2-2zm14 0c-1.1 0-2 .9-2 2s.9 2 2 2 2-.9 2-2-.9-2-2-2zm-7 0c-1.1 0-2 .9-2 2s.9 2 2 2 2-.9 2-2-.9-2-2-2z\"><\/path><\/svg><\/span><\/a>\t\t\t\t\t\t\t\t\t<\/div>\n\t\t\t\t\t\t\t\t\t\t\t\t\t\t\t\t<div class=\"post-entry-content\">\n\t\t\t\t\t\t\t\t\t<h5 class=\"heading\"><a href=\"https:\/\/www.climarbrasil.com.br\/novo\/our_services\/clima-bom-para-alta-producao\/\" rel=\"bookmark\" title=\"Manuten\u00e7\u00e3o Preventiva\" class=\"post-title\">Manuten\u00e7\u00e3o Preventiva<\/a><\/h5><p class=\"short-description\">Aumenta a vida \u00fatil dos equipamentos e conserva produtos que exigem controle de temperatura.<\/p><a href=\"https:\/\/www.climarbrasil.com.br\/novo\/our_services\/clima-bom-para-alta-producao\/\" target=\"\" aria-label=\"Read more about Manuten\u00e7\u00e3o Preventiva\" class=\"box-button elementor-button elementor-size-md\">SAIBA MAIS<svg xmlns=\"http:\/\/www.w3.org\/2000\/svg\" viewbox=\"0 0 24 24\" width=\"24\" height=\"24\"><path fill=\"none\" d=\"M0 0h24v24H0z\"><\/path><path d=\"M16.172 11l-5.364-5.364 1.414-1.414L20 12l-7.778 7.778-1.414-1.414L16.172 13H4v-2z\"><\/path><\/svg><\/a>\t\t\t\t\t\t\t\t<\/div>\n\t\t\t\t\t\t\t<\/div>\n\t\t\t\t\t\t<\/article>\n\t\t\t\t\t<\/div>\t\t\t\t\t\t\t\t<\/div>\n\t\t<\/div>\t\t<\/div>\n\t\t\t\t<\/div>\n\t\t\t\t\t<\/div>\n\t\t<\/div>\n\t\t\t\t\t<\/div>\n\t\t<\/section>\n\t\t\t\t<section class=\"elementor-section elementor-top-section elementor-element elementor-element-1da2c4b0 elementor-section-full_width elementor-section-height-default elementor-section-height-default\" data-id=\"1da2c4b0\" data-element_type=\"section\">\n\t\t\t\t\t\t<div class=\"elementor-container elementor-column-gap-no\">\n\t\t\t\t\t<div class=\"elementor-column elementor-col-100 elementor-top-column elementor-element elementor-element-18677d67\" data-id=\"18677d67\" data-element_type=\"column\">\n\t\t\t<div class=\"elementor-widget-wrap elementor-element-populated\">\n\t\t\t\t\t\t<div class=\"elementor-element elementor-element-6806b576 elementor-widget elementor-widget-template\" data-id=\"6806b576\" data-element_type=\"widget\" data-widget_type=\"template.default\">\n\t\t\t\t<div class=\"elementor-widget-container\">\n\t\t\t\t\t<div class=\"elementor-template\">\n\t\t\t\t\t<div data-elementor-type=\"section\" data-elementor-id=\"79256\" class=\"elementor elementor-79256\" data-elementor-post-type=\"elementor_library\">\n\t\t\t\t\t<section class=\"elementor-section elementor-top-section elementor-element elementor-element-62787cea elementor-section-height-min-height elementor-section-boxed elementor-section-height-default elementor-section-items-middle\" data-id=\"62787cea\" data-element_type=\"section\">\n\t\t\t\t\t\t<div class=\"elementor-container elementor-column-gap-wide\">\n\t\t\t\t\t<div class=\"elementor-column elementor-col-100 elementor-top-column elementor-element elementor-element-5ee9e2fc\" data-id=\"5ee9e2fc\" data-element_type=\"column\">\n\t\t\t<div class=\"elementor-widget-wrap elementor-element-populated\">\n\t\t\t\t\t\t<div class=\"elementor-element elementor-element-3802d4d8 elementor-widget-divider--view-line elementor-widget elementor-widget-divider\" data-id=\"3802d4d8\" data-element_type=\"widget\" data-widget_type=\"divider.default\">\n\t\t\t\t<div class=\"elementor-widget-container\">\n\t\t\t\t\t<div class=\"elementor-divider\">\n\t\t\t<span class=\"elementor-divider-separator\">\n\t\t\t\t\t\t<\/span>\n\t\t<\/div>\n\t\t\t\t<\/div>\n\t\t\t\t<\/div>\n\t\t\t\t\t<\/div>\n\t\t<\/div>\n\t\t\t\t\t<\/div>\n\t\t<\/section>\n\t\t\t\t<\/div>\n\t\t\t\t<\/div>\n\t\t\t\t<\/div>\n\t\t\t\t<\/div>\n\t\t\t\t\t<\/div>\n\t\t<\/div>\n\t\t\t\t\t<\/div>\n\t\t<\/section>\n\t\t\t\t<section class=\"elementor-section elementor-top-section elementor-element elementor-element-4da799a7 elementor-section-full_width elementor-section-height-default elementor-section-height-default\" data-id=\"4da799a7\" data-element_type=\"section\">\n\t\t\t\t\t\t<div class=\"elementor-container elementor-column-gap-no\">\n\t\t\t\t\t<div class=\"elementor-column elementor-col-100 elementor-top-column elementor-element elementor-element-190ff2c0\" data-id=\"190ff2c0\" data-element_type=\"column\">\n\t\t\t<div class=\"elementor-widget-wrap elementor-element-populated\">\n\t\t\t\t\t\t<div class=\"elementor-element elementor-element-55776c17 elementor-absolute elementor-widget elementor-widget-spacer\" data-id=\"55776c17\" data-element_type=\"widget\" data-settings='{\"_position\":\"absolute\"}' data-widget_type=\"spacer.default\">\n\t\t\t\t<div class=\"elementor-widget-container\">\n\t\t\t\t\t<div class=\"elementor-spacer\">\n\t\t\t<div class=\"elementor-spacer-inner\"><\/div>\n\t\t<\/div>\n\t\t\t\t<\/div>\n\t\t\t\t<\/div>\n\t\t\t\t\t<\/div>\n\t\t<\/div>\n\t\t\t\t\t<\/div>\n\t\t<\/section>\n\t\t\t\t<section class=\"elementor-section elementor-top-section elementor-element elementor-element-79300999 elementor-section-full_width elementor-section-stretched elementor-section-height-default elementor-section-height-default\" data-id=\"79300999\" data-element_type=\"section\" data-settings='{\"background_background\":\"classic\",\"stretch_section\":\"section-stretched\"}'>\n\t\t\t\t\t\t<div class=\"elementor-container elementor-column-gap-default\">\n\t\t\t\t\t<div class=\"elementor-column elementor-col-100 elementor-top-column elementor-element elementor-element-70bd043a\" data-id=\"70bd043a\" data-element_type=\"column\">\n\t\t\t<div class=\"elementor-widget-wrap elementor-element-populated\">\n\t\t\t\t\t\t<div class=\"elementor-element elementor-element-6803949c elementor-widget__width-initial elementor-widget-mobile__width-inherit elementor-widget elementor-widget-heading\" data-id=\"6803949c\" data-element_type=\"widget\" data-widget_type=\"heading.default\">\n\t\t\t\t<div class=\"elementor-widget-container\">\n\t\t\t<h3 class=\"elementor-heading-title elementor-size-default\">Climatize seu ambiente\n<\/h3>\t\t<\/div>\n\t\t\t\t<\/div>\n\t\t\t\t<div class=\"elementor-element elementor-element-1201e273 elementor-widget__width-initial elementor-widget-mobile__width-inherit elementor-widget elementor-widget-heading\" data-id=\"1201e273\" data-element_type=\"widget\" data-widget_type=\"heading.default\">\n\t\t\t\t<div class=\"elementor-widget-container\">\n\t\t\t<h3 class=\"elementor-heading-title elementor-size-default\">com o melhor custo-benef\u00edcio do mercado.\n<\/h3>\t\t<\/div>\n\t\t\t\t<\/div>\n\t\t\t\t<div class=\"elementor-element elementor-element-5067ae0a elementor-align-center elementor-widget__width-initial elementor-widget-mobile__width-inherit elementor-widget elementor-widget-the7_button_widget\" data-id=\"5067ae0a\" data-element_type=\"widget\" data-widget_type=\"the7_button_widget.default\">\n\t\t\t\t<div class=\"elementor-widget-container\">\n\t\t\t<div class=\"elementor-button-wrapper\"><a href=\"https:\/\/www.climarbrasil.com.br\/novo\/orcamento\/\" class=\"box-button elementor-button elementor-size-xl\">FA\u00c7A SEU OR\u00c7AMENTO<\/a><\/div>\t\t<\/div>\n\t\t\t\t<\/div>\n\t\t\t\t\t<\/div>\n\t\t<\/div>\n\t\t\t\t\t<\/div>\n\t\t<\/section>\n\t\t\t\t<\/div>\n\t\t<\/body>","protected":false},"excerpt":{"rendered":"<p>Servi\u00e7os Inova\u00e7\u00e3o em cada um de nossos processos. Equipamentos modernos e de qualidade e servi\u00e7os completos para atender sua demanda, seja grande ou pequena. Respire qualidade de vida Conforto e aconchego para sua casa ser seu melhor lugar. SAIBA MAIS D\u00ea um novo ar para sua empresa Fa\u00e7a um projeto de climatiza\u00e7\u00e3o. SAIBA MAIS Clima&hellip;<\/p>\n","protected":false},"author":1,"featured_media":0,"parent":0,"menu_order":40,"comment_status":"closed","ping_status":"closed","template":"","meta":{"om_disable_all_campaigns":false,"footnotes":""},"class_list":["post-87287","page","type-page","status-publish","hentry"],"aioseo_notices":[],"_links":{"self":[{"href":"https:\/\/www.climarbrasil.com.br\/novo\/wp-json\/wp\/v2\/pages\/87287","targetHints":{"allow":["GET"]}}],"collection":[{"href":"https:\/\/www.climarbrasil.com.br\/novo\/wp-json\/wp\/v2\/pages"}],"about":[{"href":"https:\/\/www.climarbrasil.com.br\/novo\/wp-json\/wp\/v2\/types\/page"}],"author":[{"embeddable":true,"href":"https:\/\/www.climarbrasil.com.br\/novo\/wp-json\/wp\/v2\/users\/1"}],"replies":[{"embeddable":true,"href":"https:\/\/www.climarbrasil.com.br\/novo\/wp-json\/wp\/v2\/comments?post=87287"}],"version-history":[{"count":16,"href":"https:\/\/www.climarbrasil.com.br\/novo\/wp-json\/wp\/v2\/pages\/87287\/revisions"}],"predecessor-version":[{"id":87663,"href":"https:\/\/www.climarbrasil.com.br\/novo\/wp-json\/wp\/v2\/pages\/87287\/revisions\/87663"}],"wp:attachment":[{"href":"https:\/\/www.climarbrasil.com.br\/novo\/wp-json\/wp\/v2\/media?parent=87287"}],"curies":[{"name":"wp","href":"https:\/\/api.w.org\/{rel}","templated":true}]}}